{"id":221,"date":"2024-09-06T13:30:04","date_gmt":"2024-09-06T13:30:04","guid":{"rendered":"https:\/\/alexanderswolf.live-website.com\/?page_id=221"},"modified":"2025-05-16T14:37:31","modified_gmt":"2025-05-16T14:37:31","slug":"imprint","status":"publish","type":"page","link":"https:\/\/alexander-s-wolf.com\/de\/imprint","title":{"rendered":"Impressum"},"content":{"rendered":"<div data-elementor-type=\"wp-page\" data-elementor-id=\"221\" class=\"elementor elementor-221\" data-elementor-post-type=\"page\">\n\t\t\t\t<div class=\"elementor-element elementor-element-141d5a2d e-con-full e-flex e-con e-parent\" data-id=\"141d5a2d\" data-element_type=\"container\">\n\t\t\t\t<div class=\"elementor-element elementor-element-29d6baf8 elementor-widget elementor-widget-heading\" data-id=\"29d6baf8\" data-element_type=\"widget\" data-widget_type=\"heading.default\">\n\t\t\t\t<div class=\"elementor-widget-container\">\n\t\t\t\t\t<h1 class=\"elementor-heading-title elementor-size-default\">Impressum<\/h1>\t\t\t\t<\/div>\n\t\t\t\t<\/div>\n\t\t\t\t<\/div>\n\t\t<div class=\"elementor-element elementor-element-38399d0a e-con-full e-flex e-con e-parent\" data-id=\"38399d0a\" data-element_type=\"container\">\n\t\t<div class=\"elementor-element elementor-element-6e4509ce e-con-full e-flex e-con e-child\" data-id=\"6e4509ce\" data-element_type=\"container\">\n\t\t<div class=\"elementor-element elementor-element-628d15b4 e-con-full e-flex e-con e-child\" data-id=\"628d15b4\" data-element_type=\"container\">\n\t\t<div class=\"elementor-element elementor-element-93993c3 e-con-full e-flex e-con e-child\" data-id=\"93993c3\" data-element_type=\"container\">\n\t\t\t\t<div class=\"elementor-element elementor-element-a88c2ff elementor-widget elementor-widget-text-editor\" data-id=\"a88c2ff\" data-element_type=\"widget\" data-widget_type=\"text-editor.default\">\n\t\t\t\t<div class=\"elementor-widget-container\">\n\t\t\t\t\t\t\t\t\t<p>Alexander S. Wolf\u2028<\/p><p>c\/o AusserGew\u00f6hnlich Berlin GmbH &amp; Co. KG<br \/>Geb\u00e4ude H \/ ZKSI<br \/>Flughafen Tegel 1<br \/>13405 Berlin<\/p><p>Telefon: +49 30 25741614<br \/>E-Mail: info@alexander-s-wolf.com<\/p><p>St. Nr. 27\/557\/31624<\/p><p>Verantwortliche i.S.d. \u00a7 55 Abs. 2 RStV: Alexander S. Wolf, c\/o AusserGew\u00f6hnlich Berlin GmbH &amp; Co. KG, Flughafen Tegel 1, Geb\u00e4ude H \/ ZKSI, 13405 Berlin<\/p><p><strong>LEGAL INFORMATION ON THE WEBSITE<\/strong><\/p><p>LIABILITY FOR CONTENTS<br \/>As a service provider we are responsible according to \u00a7 7 Abs.1 TMG for our own contents on our website according to the general laws. According to \u00a7\u00a7 8 to 10 TMG we are not obliged as a service provider to monitor transmitted or stored third-party information.<br \/>Obligations to remove or block the use of information in accordance with general laws remain unaffected by this. Any removal or blocking of these contents will take place immediately from the time of knowledge of a concrete violation of the law. A liability is however only possible from the time of knowledge of a concrete infringement.<\/p><p>LIABILITY FOR LINKS<br \/>Our website contains links to external websites of third parties over whose contents we have no influence. For this reason, we cannot assume any liability for these external contents. The respective provider or operator of this website is always responsible for the content and correctness of the linked pages. At the time of linking, these Internet pages were checked for possible violations of the law. Illegal contents were not recognizable at the time of linking.<br \/>We would like to point out that a permanent control of the contents of the linked pages without concrete evidence of a violation of the law is not reasonable. We will remove such links immediately upon becoming aware of any violations of the law.<\/p><p>____<\/p><p>Alexander S. Wolf\u2028<\/p><p>c\/o AusserGew\u00f6hnlich Berlin GmbH &amp; Co. KG<br \/>Geb\u00e4ude H \/ ZKSI<br \/>Flughafen Tegel 1<br \/>13405 Berlin<\/p><p>Telefon: +49 30 25741614<br \/>E-Mail: info@alexander-s-wolf.com<\/p><p>St. Nr. 27\/557\/31624<\/p><p>Verantwortliche i.S.d. \u00a7 55 Abs. 2 RStV: Alexander S. Wolf, c\/o AusserGew\u00f6hnlich Berlin GmbH &amp; Co. KG, Flughafen Tegel 1, Geb\u00e4ude H \/ ZKSI, 13405 Berlin<\/p><p><strong>RECHTLICHE HINWEISE ZUR WEBSEITE<\/strong><\/p><p>HAFTUNG F\u00dcR INHALTE<br \/>Als Diensteanbieter sind wir gem\u00e4\u00df \u00a7 7 Abs.1 TMG f\u00fcr eigene Inhalte auf unserer Internetseite nach den allgemeinen Gesetzen verantwortlich. Gem\u00e4\u00df \u00a7\u00a7 8 bis 10 TMG sind wir als Diensteanbieter nicht verpflichtet, \u00fcbermittelte oder gespeicherte fremde Informationen zu \u00fcberwachen.\u2028Verpflichtungen zur Entfernung oder Sperrung der Nutzung von Informationen nach den allgemeinen Gesetzen bleiben hiervon unber\u00fchrt. Eine Entfernung oder Sperrung dieser Inhalte erfolgt umgehend ab dem Zeitpunkt der Kenntnis einer konkreten Rechtsverletzung. Eine Haftung ist jedoch erst ab dem Zeitpunkt der Kenntnis einer konkreten Rechtsverletzung m\u00f6glich.<br \/><br \/>HAFTUNG F\u00dcR LINKS<br \/>Unsere Internetseite enth\u00e4lt Links zu externen Internetseiten Dritter, auf deren Inhalte wir keinen Einfluss haben. Aus diesem Grund k\u00f6nnen wir f\u00fcr diese fremden Inhalte keine Gew\u00e4hr \u00fcbernehmen. F\u00fcr die Inhalte und Richtigkeit der verlinkten Seiten ist stets der jeweilige Anbieter oder Betreiber dieser Internetseite verantwortlich. Im Zeitpunkt der Verlinkung wurden diese Internetseiten auf m\u00f6gliche Rechtsverst\u00f6\u00dfe \u00fcberpr\u00fcft. Rechtswidrige Inhalte waren zum Zeitpunkt der Verlinkung nicht erkennbar. Wir weisen darauf hin, dass eine permanente inhaltliche Kontrolle der verlinkten Seiten ohne konkrete Anhaltspunkte einer Rechtsverletzung nicht zumutbar sind. Bei Bekanntwerden von Rechtsverletzungen werden wir derartige Links umgehend entfernen.<\/p>\t\t\t\t\t\t\t\t<\/div>\n\t\t\t\t<\/div>\n\t\t\t\t<\/div>\n\t\t\t\t<\/div>\n\t\t\t\t<\/div>\n\t\t<div class=\"elementor-element elementor-element-2e36c9b0 e-con-full e-flex e-con e-child\" data-id=\"2e36c9b0\" data-element_type=\"container\">\n\t\t\t\t<div class=\"elementor-element elementor-element-4e86508b elementor-widget elementor-widget-google_maps\" data-id=\"4e86508b\" data-element_type=\"widget\" data-widget_type=\"google_maps.default\">\n\t\t\t\t<div class=\"elementor-widget-container\">\n\t\t\t\t\t\t\t<div class=\"elementor-custom-embed\">\n\t\t\t<iframe loading=\"lazy\"\n\t\t\t\t\tsrc=\"https:\/\/maps.google.com\/maps?q=Flughafen%20Tegel%201%2C%2013405%20Berlin&#038;t=m&#038;z=13&#038;output=embed&#038;iwloc=near\"\n\t\t\t\t\ttitle=\"Flughafen Tegel 1, 13405 Berlin\"\n\t\t\t\t\taria-label=\"Flughafen Tegel 1, 13405 Berlin\"\n\t\t\t><\/iframe>\n\t\t<\/div>\n\t\t\t\t\t\t<\/div>\n\t\t\t\t<\/div>\n\t\t\t\t<\/div>\n\t\t\t\t<\/div>\n\t\t\t\t<\/div>","protected":false},"excerpt":{"rendered":"<p>Imprint Alexander S. Wolf\u2028 c\/o AusserGew\u00f6hnlich Berlin GmbH &amp; Co. KGGeb\u00e4ude H \/ ZKSIFlughafen Tegel 113405 Berlin Phone: +49 30 25741614E-Mail: info@alexander-s-wolf.com St. Nr. 27\/557\/31624 Verantwortliche i.S.d. \u00a7 55 Abs. 2 RStV: Alexander S. Wolf, c\/o AusserGew\u00f6hnlich Berlin GmbH &amp; Co. KG, Flughafen Tegel 1, Geb\u00e4ude H \/ ZKSI, 13405 Berlin LEGAL INFORMATION ON THE [&hellip;]<\/p>","protected":false},"author":1,"featured_media":0,"parent":0,"menu_order":0,"comment_status":"closed","ping_status":"closed","template":"elementor_header_footer","meta":{"footnotes":""},"class_list":["post-221","page","type-page","status-publish","hentry"],"yoast_head":"<!-- This site is optimized with the Yoast SEO Premium plugin v25.3 (Yoast SEO v25.3) - https:\/\/yoast.com\/wordpress\/plugins\/seo\/ -->\n<title>Imprint - Alexander S. Wolf<\/title>\n<meta name=\"description\" content=\"Imprint of website Alexander S. Wolf. There are all legal information on the website, for example liability for contens and for links.\" \/>\n<meta name=\"robots\" content=\"index, follow, max-snippet:-1, max-image-preview:large, max-video-preview:-1\" \/>\n<link rel=\"canonical\" href=\"https:\/\/alexander-s-wolf.com\/de\/imprint\/\" \/>\n<meta property=\"og:locale\" content=\"de_DE\" \/>\n<meta property=\"og:type\" content=\"article\" \/>\n<meta property=\"og:title\" content=\"Imprint\" \/>\n<meta property=\"og:description\" content=\"Imprint of website Alexander S. Wolf. There are all legal information on the website, for example liability for contens and for links.\" \/>\n<meta property=\"og:url\" content=\"https:\/\/alexander-s-wolf.com\/de\/imprint\/\" \/>\n<meta property=\"og:site_name\" content=\"Alexander S. Wolf\" \/>\n<meta property=\"article:modified_time\" content=\"2025-05-16T14:37:31+00:00\" \/>\n<meta property=\"og:image\" content=\"https:\/\/alexander-s-wolf.com\/wp-content\/uploads\/2025\/04\/cropped-Alexander-S.-Wolf.png\" \/>\n\t<meta property=\"og:image:width\" content=\"512\" \/>\n\t<meta property=\"og:image:height\" content=\"512\" \/>\n\t<meta property=\"og:image:type\" content=\"image\/png\" \/>\n<meta name=\"twitter:card\" content=\"summary_large_image\" \/>\n<meta name=\"twitter:label1\" content=\"Gesch\u00e4tzte Lesezeit\" \/>\n\t<meta name=\"twitter:data1\" content=\"3\u00a0Minuten\" \/>\n<script type=\"application\/ld+json\" class=\"yoast-schema-graph\">{\"@context\":\"https:\/\/schema.org\",\"@graph\":[{\"@type\":\"WebPage\",\"@id\":\"https:\/\/alexander-s-wolf.com\/imprint\",\"url\":\"https:\/\/alexander-s-wolf.com\/imprint\",\"name\":\"Imprint - Alexander S. Wolf\",\"isPartOf\":{\"@id\":\"https:\/\/alexander-s-wolf.com\/#website\"},\"datePublished\":\"2024-09-06T13:30:04+00:00\",\"dateModified\":\"2025-05-16T14:37:31+00:00\",\"description\":\"Imprint of website Alexander S. Wolf. There are all legal information on the website, for example liability for contens and for links.\",\"breadcrumb\":{\"@id\":\"https:\/\/alexander-s-wolf.com\/imprint#breadcrumb\"},\"inLanguage\":\"de\",\"potentialAction\":[{\"@type\":\"ReadAction\",\"target\":[\"https:\/\/alexander-s-wolf.com\/imprint\"]}]},{\"@type\":\"BreadcrumbList\",\"@id\":\"https:\/\/alexander-s-wolf.com\/imprint#breadcrumb\",\"itemListElement\":[{\"@type\":\"ListItem\",\"position\":1,\"name\":\"Startseite\",\"item\":\"https:\/\/alexander-s-wolf.com\/\"},{\"@type\":\"ListItem\",\"position\":2,\"name\":\"Imprint\"}]},{\"@type\":\"WebSite\",\"@id\":\"https:\/\/alexander-s-wolf.com\/#website\",\"url\":\"https:\/\/alexander-s-wolf.com\/\",\"name\":\"Alexander S. Wolf\",\"description\":\"Alexander S. Wolf inspires leaders with keynote speaking, strategic networking, community-building, and sustainable business transformation.\",\"potentialAction\":[{\"@type\":\"SearchAction\",\"target\":{\"@type\":\"EntryPoint\",\"urlTemplate\":\"https:\/\/alexander-s-wolf.com\/?s={search_term_string}\"},\"query-input\":{\"@type\":\"PropertyValueSpecification\",\"valueRequired\":true,\"valueName\":\"search_term_string\"}}],\"inLanguage\":\"de\"}]}<\/script>\n<!-- \/ Yoast SEO Premium plugin. -->","yoast_head_json":{"title":"Imprint - Alexander S. Wolf","description":"Imprint of website Alexander S. Wolf. There are all legal information on the website, for example liability for contens and for links.","robots":{"index":"index","follow":"follow","max-snippet":"max-snippet:-1","max-image-preview":"max-image-preview:large","max-video-preview":"max-video-preview:-1"},"canonical":"https:\/\/alexander-s-wolf.com\/de\/imprint\/","og_locale":"de_DE","og_type":"article","og_title":"Imprint","og_description":"Imprint of website Alexander S. Wolf. There are all legal information on the website, for example liability for contens and for links.","og_url":"https:\/\/alexander-s-wolf.com\/de\/imprint\/","og_site_name":"Alexander S. Wolf","article_modified_time":"2025-05-16T14:37:31+00:00","og_image":[{"width":512,"height":512,"url":"https:\/\/alexander-s-wolf.com\/wp-content\/uploads\/2025\/04\/cropped-Alexander-S.-Wolf.png","type":"image\/png"}],"twitter_card":"summary_large_image","twitter_misc":{"Gesch\u00e4tzte Lesezeit":"3\u00a0Minuten"},"schema":{"@context":"https:\/\/schema.org","@graph":[{"@type":"WebPage","@id":"https:\/\/alexander-s-wolf.com\/imprint","url":"https:\/\/alexander-s-wolf.com\/imprint","name":"Imprint - Alexander S. Wolf","isPartOf":{"@id":"https:\/\/alexander-s-wolf.com\/#website"},"datePublished":"2024-09-06T13:30:04+00:00","dateModified":"2025-05-16T14:37:31+00:00","description":"Imprint of website Alexander S. Wolf. There are all legal information on the website, for example liability for contens and for links.","breadcrumb":{"@id":"https:\/\/alexander-s-wolf.com\/imprint#breadcrumb"},"inLanguage":"de","potentialAction":[{"@type":"ReadAction","target":["https:\/\/alexander-s-wolf.com\/imprint"]}]},{"@type":"BreadcrumbList","@id":"https:\/\/alexander-s-wolf.com\/imprint#breadcrumb","itemListElement":[{"@type":"ListItem","position":1,"name":"Startseite","item":"https:\/\/alexander-s-wolf.com\/"},{"@type":"ListItem","position":2,"name":"Imprint"}]},{"@type":"WebSite","@id":"https:\/\/alexander-s-wolf.com\/#website","url":"https:\/\/alexander-s-wolf.com\/","name":"Alexander S. Wolf","description":"Alexander S. Wolf inspires leaders with keynote speaking, strategic networking, community-building, and sustainable business transformation.","potentialAction":[{"@type":"SearchAction","target":{"@type":"EntryPoint","urlTemplate":"https:\/\/alexander-s-wolf.com\/?s={search_term_string}"},"query-input":{"@type":"PropertyValueSpecification","valueRequired":true,"valueName":"search_term_string"}}],"inLanguage":"de"}]}},"_links":{"self":[{"href":"https:\/\/alexander-s-wolf.com\/de\/wp-json\/wp\/v2\/pages\/221","targetHints":{"allow":["GET"]}}],"collection":[{"href":"https:\/\/alexander-s-wolf.com\/de\/wp-json\/wp\/v2\/pages"}],"about":[{"href":"https:\/\/alexander-s-wolf.com\/de\/wp-json\/wp\/v2\/types\/page"}],"author":[{"embeddable":true,"href":"https:\/\/alexander-s-wolf.com\/de\/wp-json\/wp\/v2\/users\/1"}],"replies":[{"embeddable":true,"href":"https:\/\/alexander-s-wolf.com\/de\/wp-json\/wp\/v2\/comments?post=221"}],"version-history":[{"count":14,"href":"https:\/\/alexander-s-wolf.com\/de\/wp-json\/wp\/v2\/pages\/221\/revisions"}],"predecessor-version":[{"id":1033,"href":"https:\/\/alexander-s-wolf.com\/de\/wp-json\/wp\/v2\/pages\/221\/revisions\/1033"}],"wp:attachment":[{"href":"https:\/\/alexander-s-wolf.com\/de\/wp-json\/wp\/v2\/media?parent=221"}],"curies":[{"name":"wp","href":"https:\/\/api.w.org\/{rel}","templated":true}]}}