{"id":352,"date":"2025-04-07T08:45:03","date_gmt":"2025-04-07T08:45:03","guid":{"rendered":"https:\/\/alexander-s-wolf.com\/about"},"modified":"2025-05-09T08:57:15","modified_gmt":"2025-05-09T08:57:15","slug":"about","status":"publish","type":"page","link":"https:\/\/alexander-s-wolf.com\/de\/about","title":{"rendered":"\u00dcber Alexander S. Wolf"},"content":{"rendered":"<div data-elementor-type=\"wp-page\" data-elementor-id=\"352\" class=\"elementor elementor-352\" data-elementor-post-type=\"page\">\n\t\t\t\t<div class=\"elementor-element elementor-element-5f37228d e-con-full e-flex e-con e-parent\" data-id=\"5f37228d\" data-element_type=\"container\">\n\t\t\t\t<div class=\"elementor-element elementor-element-4dce0727 elementor-widget elementor-widget-heading\" data-id=\"4dce0727\" data-element_type=\"widget\" data-widget_type=\"heading.default\">\n\t\t\t\t<div class=\"elementor-widget-container\">\n\t\t\t\t\t<h1 class=\"elementor-heading-title elementor-size-default\">\u00dcBER ALEXANDER S. WOLF<\/h1>\t\t\t\t<\/div>\n\t\t\t\t<\/div>\n\t\t\t\t<div class=\"elementor-element elementor-element-269c27b5 elementor-widget elementor-widget-text-editor\" data-id=\"269c27b5\" data-element_type=\"widget\" data-widget_type=\"text-editor.default\">\n\t\t\t\t<div class=\"elementor-widget-container\">\n\t\t\t\t\t\t\t\t\t<p>Die Mission: Erfolg f\u00fcr Ihr Impact Projekt<\/p>\t\t\t\t\t\t\t\t<\/div>\n\t\t\t\t<\/div>\n\t\t\t\t<\/div>\n\t\t<div class=\"elementor-element elementor-element-21ed2379 e-con-full e-flex e-con e-parent\" data-id=\"21ed2379\" data-element_type=\"container\">\n\t\t<div class=\"elementor-element elementor-element-5dbc8c64 e-con-full e-flex e-con e-child\" data-id=\"5dbc8c64\" data-element_type=\"container\" data-settings=\"{&quot;background_background&quot;:&quot;classic&quot;}\">\n\t\t\t\t<\/div>\n\t\t<div class=\"elementor-element elementor-element-23c4d123 e-con-full e-flex e-con e-child\" data-id=\"23c4d123\" data-element_type=\"container\">\n\t\t\t\t<div class=\"elementor-element elementor-element-835dfd elementor-widget elementor-widget-heading\" data-id=\"835dfd\" data-element_type=\"widget\" data-widget_type=\"heading.default\">\n\t\t\t\t<div class=\"elementor-widget-container\">\n\t\t\t\t\t<h2 class=\"elementor-heading-title elementor-size-default\">STRATEGIEN, DIE AUS IDEEN BEWEGUNGEN MACHEN<\/h2>\t\t\t\t<\/div>\n\t\t\t\t<\/div>\n\t\t\t\t<div class=\"elementor-element elementor-element-48efc486 elementor-widget elementor-widget-text-editor\" data-id=\"48efc486\" data-element_type=\"widget\" data-widget_type=\"text-editor.default\">\n\t\t\t\t<div class=\"elementor-widget-container\">\n\t\t\t\t\t\t\t\t\t<p class=\"whitespace-pre-wrap break-words\"><strong>Alexander S. Wolf ist nicht nur Stratege \u2013 er schafft \u00d6kosysteme.<\/strong> Er z\u00e4hlt zu den erfahrensten Experten weltweit, wenn es um den Aufbau von Netzwerken und Communities, die Gestaltung cross-sectoral Partnerschaften oder das Aufbrechen von Silos in gro\u00dfen Organisationen geht.<\/p><p class=\"whitespace-pre-wrap break-words\">Mit \u00fcber 25 Jahren Erfahrung in Medien, Wirtschaft, Diplomatie, Kultur und Social Innovation hat er unz\u00e4hlige Clubs, Netzwerk-Projekte, dynamische Organisationen und Plattformen mitgepr\u00e4gt.<\/p><p class=\"whitespace-pre-wrap break-words\">Als Gr\u00fcnder von GICA (Global Impact Citizen Alliance) ist es seine Mission, Impact-Entrepreneurs, Investment- und ESG-Leaders beim Aufbau von schlagkr\u00e4ftigen Allianzen zu unterst\u00fctzen.<\/p><p class=\"whitespace-pre-wrap break-words\">Mit seiner eigenen gemeinn\u00fctzigen Stiftung und einem der einflussreichsten Netzwerke Berlins verf\u00fcgt Alexander \u00fcber die Strukturen und Ressourcen, um seine Vision zu verwirklichen: Berlin bis 2030 zum Global Impact Capital zu machen.<\/p><p class=\"whitespace-pre-wrap break-words\">Um andere von seinem umfassenden Know-how profitieren zu lassen, beteiligt sich Alexander gerne an externen Projekten: Ob durch Keynotes, Community-Building-Strategien oder Zertifizierungs-Trainings \u00fcber die 17ACADEMY \u2013 alles ist darauf ausgerichtet, die \u201ePowers of Cross-Sectoral Collaboration\u201c zu entfesseln.<\/p><p class=\"whitespace-pre-wrap break-words\">Die Zukunft geh\u00f6rt denen, die Alexanders Vision einer nachhaltigen Wirtschaft teilen \u2013 und die Netzwerke aufbauen, um diese Wirtschaft Realit\u00e4t werden zu lassen. Diese Arbeit verbindet Strategie und Herz, Systeme und Menschen, Purpose und Performance. Es geht nicht um blo\u00dfe \u201eTransformation\u201c. Es geht darum, erfolgreicher zu werden mit vernetztem Denken und Handeln.<\/p><p class=\"whitespace-pre-wrap break-words\">Mit Integrit\u00e4t, Kreativit\u00e4t und einem tiefen Glauben an die Macht globaler Zusammenarbeit.<\/p><p class=\"whitespace-pre-wrap break-words\"><strong> Lasst uns besser vernetzen \u2013 und mit diesen Netzwerken gro\u00dfe Ver\u00e4nderungen ansto\u00dfen.<\/strong><\/p>\t\t\t\t\t\t\t\t<\/div>\n\t\t\t\t<\/div>\n\t\t\t\t<\/div>\n\t\t\t\t<\/div>\n\t\t<div class=\"elementor-element elementor-element-5d1af3e5 e-con-full e-flex e-con e-parent\" data-id=\"5d1af3e5\" data-element_type=\"container\" data-settings=\"{&quot;background_background&quot;:&quot;classic&quot;}\">\n\t\t<div class=\"elementor-element elementor-element-b094557 e-con-full e-flex e-con e-child\" data-id=\"b094557\" data-element_type=\"container\">\n\t\t\t\t<div class=\"elementor-element elementor-element-11daecd4 elementor-widget elementor-widget-heading\" data-id=\"11daecd4\" data-element_type=\"widget\" data-widget_type=\"heading.default\">\n\t\t\t\t<div class=\"elementor-widget-container\">\n\t\t\t\t\t<h2 class=\"elementor-heading-title elementor-size-default\">ready to take your business to the next level? <\/h2>\t\t\t\t<\/div>\n\t\t\t\t<\/div>\n\t\t\t\t<\/div>\n\t\t<div class=\"elementor-element elementor-element-20fa3cc2 e-con-full e-flex e-con e-child\" data-id=\"20fa3cc2\" data-element_type=\"container\">\n\t\t\t\t<div class=\"elementor-element elementor-element-15a002c9 elementor-widget elementor-widget-heading\" data-id=\"15a002c9\" data-element_type=\"widget\" data-widget_type=\"heading.default\">\n\t\t\t\t<div class=\"elementor-widget-container\">\n\t\t\t\t\t<h2 class=\"elementor-heading-title elementor-size-default\">Nehmen Sie noch heute Kontakt auf und erhalten Sie eine kostenlose Beratung.<\/h2>\t\t\t\t<\/div>\n\t\t\t\t<\/div>\n\t\t\t\t<div class=\"elementor-element elementor-element-1eac3ae0 elementor-widget elementor-widget-button\" data-id=\"1eac3ae0\" data-element_type=\"widget\" data-widget_type=\"button.default\">\n\t\t\t\t<div class=\"elementor-widget-container\">\n\t\t\t\t\t\t\t\t\t<div class=\"elementor-button-wrapper\">\n\t\t\t\t\t<a class=\"elementor-button elementor-button-link elementor-size-sm\" href=\"https:\/\/alexander-s-wolf.com\/de\/contact-us\">\n\t\t\t\t\t\t<span class=\"elementor-button-content-wrapper\">\n\t\t\t\t\t\t\t\t\t<span class=\"elementor-button-text\">Beratung anfragen &gt;<\/span>\n\t\t\t\t\t<\/span>\n\t\t\t\t\t<\/a>\n\t\t\t\t<\/div>\n\t\t\t\t\t\t\t\t<\/div>\n\t\t\t\t<\/div>\n\t\t\t\t<\/div>\n\t\t\t\t<\/div>\n\t\t\t\t<\/div>","protected":false},"excerpt":{"rendered":"<p>about The mission is to help your impact thrive DEVELOPING AND DELIVERING STRATEGIES THAT TURN PURPOSE INTO MOVEMENT Alexander S. Wolf is not just a strategist &#8211; he is a builder of ecosystems. He is one of the world&#8217;s most experienced authorities when it comes to building networks and communities, creating cross-sectoral partnerships or breaking [&hellip;]<\/p>","protected":false},"author":1,"featured_media":0,"parent":0,"menu_order":0,"comment_status":"closed","ping_status":"closed","template":"elementor_header_footer","meta":{"footnotes":""},"class_list":["post-352","page","type-page","status-publish","hentry"],"yoast_head":"<!-- This site is optimized with the Yoast SEO Premium plugin v25.3 (Yoast SEO v25.3) - https:\/\/yoast.com\/wordpress\/plugins\/seo\/ -->\n<title>About - Alexander S. Wolf<\/title>\n<meta name=\"description\" content=\"About - Alexander S. Wolf is not just a strategist. He is a builder of ecosystems. The mission is to help your impact thrive.\" \/>\n<meta name=\"robots\" content=\"index, follow, max-snippet:-1, max-image-preview:large, max-video-preview:-1\" \/>\n<link rel=\"canonical\" href=\"https:\/\/alexander-s-wolf.com\/de\/about\/\" \/>\n<meta property=\"og:locale\" content=\"de_DE\" \/>\n<meta property=\"og:type\" content=\"article\" \/>\n<meta property=\"og:title\" content=\"About\" \/>\n<meta property=\"og:description\" content=\"About - Alexander S. Wolf is not just a strategist. He is a builder of ecosystems. The mission is to help your impact thrive.\" \/>\n<meta property=\"og:url\" content=\"https:\/\/alexander-s-wolf.com\/de\/about\/\" \/>\n<meta property=\"og:site_name\" content=\"Alexander S. Wolf\" \/>\n<meta property=\"article:modified_time\" content=\"2025-05-09T08:57:15+00:00\" \/>\n<meta property=\"og:image\" content=\"https:\/\/alexander-s-wolf.com\/wp-content\/uploads\/2025\/04\/cropped-Alexander-S.-Wolf.png\" \/>\n\t<meta property=\"og:image:width\" content=\"512\" \/>\n\t<meta property=\"og:image:height\" content=\"512\" \/>\n\t<meta property=\"og:image:type\" content=\"image\/png\" \/>\n<meta name=\"twitter:card\" content=\"summary_large_image\" \/>\n<meta name=\"twitter:label1\" content=\"Gesch\u00e4tzte Lesezeit\" \/>\n\t<meta name=\"twitter:data1\" content=\"2\u00a0Minuten\" \/>\n<script type=\"application\/ld+json\" class=\"yoast-schema-graph\">{\"@context\":\"https:\/\/schema.org\",\"@graph\":[{\"@type\":\"WebPage\",\"@id\":\"https:\/\/alexander-s-wolf.com\/about\",\"url\":\"https:\/\/alexander-s-wolf.com\/about\",\"name\":\"About - Alexander S. Wolf\",\"isPartOf\":{\"@id\":\"https:\/\/alexander-s-wolf.com\/#website\"},\"datePublished\":\"2025-04-07T08:45:03+00:00\",\"dateModified\":\"2025-05-09T08:57:15+00:00\",\"description\":\"About - Alexander S. Wolf is not just a strategist. He is a builder of ecosystems. The mission is to help your impact thrive.\",\"breadcrumb\":{\"@id\":\"https:\/\/alexander-s-wolf.com\/about#breadcrumb\"},\"inLanguage\":\"de\",\"potentialAction\":[{\"@type\":\"ReadAction\",\"target\":[\"https:\/\/alexander-s-wolf.com\/about\"]}]},{\"@type\":\"BreadcrumbList\",\"@id\":\"https:\/\/alexander-s-wolf.com\/about#breadcrumb\",\"itemListElement\":[{\"@type\":\"ListItem\",\"position\":1,\"name\":\"Startseite\",\"item\":\"https:\/\/alexander-s-wolf.com\/\"},{\"@type\":\"ListItem\",\"position\":2,\"name\":\"About\"}]},{\"@type\":\"WebSite\",\"@id\":\"https:\/\/alexander-s-wolf.com\/#website\",\"url\":\"https:\/\/alexander-s-wolf.com\/\",\"name\":\"Alexander S. Wolf\",\"description\":\"Alexander S. Wolf inspires leaders with keynote speaking, strategic networking, community-building, and sustainable business transformation.\",\"potentialAction\":[{\"@type\":\"SearchAction\",\"target\":{\"@type\":\"EntryPoint\",\"urlTemplate\":\"https:\/\/alexander-s-wolf.com\/?s={search_term_string}\"},\"query-input\":{\"@type\":\"PropertyValueSpecification\",\"valueRequired\":true,\"valueName\":\"search_term_string\"}}],\"inLanguage\":\"de\"}]}<\/script>\n<!-- \/ Yoast SEO Premium plugin. -->","yoast_head_json":{"title":"About - Alexander S. Wolf","description":"About - Alexander S. Wolf is not just a strategist. He is a builder of ecosystems. The mission is to help your impact thrive.","robots":{"index":"index","follow":"follow","max-snippet":"max-snippet:-1","max-image-preview":"max-image-preview:large","max-video-preview":"max-video-preview:-1"},"canonical":"https:\/\/alexander-s-wolf.com\/de\/about\/","og_locale":"de_DE","og_type":"article","og_title":"About","og_description":"About - Alexander S. Wolf is not just a strategist. He is a builder of ecosystems. The mission is to help your impact thrive.","og_url":"https:\/\/alexander-s-wolf.com\/de\/about\/","og_site_name":"Alexander S. Wolf","article_modified_time":"2025-05-09T08:57:15+00:00","og_image":[{"width":512,"height":512,"url":"https:\/\/alexander-s-wolf.com\/wp-content\/uploads\/2025\/04\/cropped-Alexander-S.-Wolf.png","type":"image\/png"}],"twitter_card":"summary_large_image","twitter_misc":{"Gesch\u00e4tzte Lesezeit":"2\u00a0Minuten"},"schema":{"@context":"https:\/\/schema.org","@graph":[{"@type":"WebPage","@id":"https:\/\/alexander-s-wolf.com\/about","url":"https:\/\/alexander-s-wolf.com\/about","name":"About - Alexander S. Wolf","isPartOf":{"@id":"https:\/\/alexander-s-wolf.com\/#website"},"datePublished":"2025-04-07T08:45:03+00:00","dateModified":"2025-05-09T08:57:15+00:00","description":"About - Alexander S. Wolf is not just a strategist. He is a builder of ecosystems. The mission is to help your impact thrive.","breadcrumb":{"@id":"https:\/\/alexander-s-wolf.com\/about#breadcrumb"},"inLanguage":"de","potentialAction":[{"@type":"ReadAction","target":["https:\/\/alexander-s-wolf.com\/about"]}]},{"@type":"BreadcrumbList","@id":"https:\/\/alexander-s-wolf.com\/about#breadcrumb","itemListElement":[{"@type":"ListItem","position":1,"name":"Startseite","item":"https:\/\/alexander-s-wolf.com\/"},{"@type":"ListItem","position":2,"name":"About"}]},{"@type":"WebSite","@id":"https:\/\/alexander-s-wolf.com\/#website","url":"https:\/\/alexander-s-wolf.com\/","name":"Alexander S. Wolf","description":"Alexander S. Wolf inspires leaders with keynote speaking, strategic networking, community-building, and sustainable business transformation.","potentialAction":[{"@type":"SearchAction","target":{"@type":"EntryPoint","urlTemplate":"https:\/\/alexander-s-wolf.com\/?s={search_term_string}"},"query-input":{"@type":"PropertyValueSpecification","valueRequired":true,"valueName":"search_term_string"}}],"inLanguage":"de"}]}},"_links":{"self":[{"href":"https:\/\/alexander-s-wolf.com\/de\/wp-json\/wp\/v2\/pages\/352","targetHints":{"allow":["GET"]}}],"collection":[{"href":"https:\/\/alexander-s-wolf.com\/de\/wp-json\/wp\/v2\/pages"}],"about":[{"href":"https:\/\/alexander-s-wolf.com\/de\/wp-json\/wp\/v2\/types\/page"}],"author":[{"embeddable":true,"href":"https:\/\/alexander-s-wolf.com\/de\/wp-json\/wp\/v2\/users\/1"}],"replies":[{"embeddable":true,"href":"https:\/\/alexander-s-wolf.com\/de\/wp-json\/wp\/v2\/comments?post=352"}],"version-history":[{"count":28,"href":"https:\/\/alexander-s-wolf.com\/de\/wp-json\/wp\/v2\/pages\/352\/revisions"}],"predecessor-version":[{"id":1010,"href":"https:\/\/alexander-s-wolf.com\/de\/wp-json\/wp\/v2\/pages\/352\/revisions\/1010"}],"wp:attachment":[{"href":"https:\/\/alexander-s-wolf.com\/de\/wp-json\/wp\/v2\/media?parent=352"}],"curies":[{"name":"wp","href":"https:\/\/api.w.org\/{rel}","templated":true}]}}